{"id":1362,"date":"2020-01-29T16:28:15","date_gmt":"2020-01-29T15:28:15","guid":{"rendered":"http:\/\/cultivatingqualityplants.com\/es\/?page_id=1362"},"modified":"2020-01-29T16:52:31","modified_gmt":"2020-01-29T15:52:31","slug":"politica-de-privacidad","status":"publish","type":"page","link":"http:\/\/cultivatingqualityplants.com\/es\/politica-de-privacidad\/","title":{"rendered":"Pol\u00edtica de privacidad"},"content":{"rendered":"<h4>Datos del responsable del tratamiento<\/h4>\n<p><strong>Bloomsuit, S.L.<\/strong>, domiciliada en <strong>Paseo de la Reina, 49 1Pl de Fuente Vaqueros, Granada, Espa\u00f1a<\/strong>, con CIF <strong>ESB18706903<\/strong> propietaria del sitio web <strong>www.cultivatingqualityplants.com\/es<\/strong>. <\/p>\n<p>Email para comunicaciones en materia de Protecci\u00f3n de datos: <strong>fjr@bloomsuit.com<\/strong><\/p>\n<h4>Normativa aplicable<\/h4>\n<p>Nuestra Pol\u00edtica de Privacidad se ha dise\u00f1ado de acuerdo con el <strong>Reglamento General de Protecci\u00f3n de Datos de la UE 2016\/679 del Parlamento Europeo<\/strong> y del Consejo, de 27 de abril de 2016, relativo a la protecci\u00f3n de las personas f\u00edsicas en lo que respecta al tratamiento de datos personales y a la libre circulaci\u00f3n de estos datos y por el que se deroga la Directiva 95\/46\/CE (Reglamento general de protecci\u00f3n de datos), y la <strong>Ley Org\u00e1nica 3\/2018, de 5 de Diciembre, de Protecci\u00f3n de Datos y Garant\u00eda de los Derechos Digitales (LOPDGDD)<\/strong>, y en lo que no contradiga la normativa legal aplicable mencionada, por lo dispuesto en el marco legislativo espa\u00f1ol en materia de Protecci\u00f3n de Datos de Car\u00e1cter Personal.<\/p>\n<p>Al facilitarnos sus datos, Usted declara haber le\u00eddo y conocer la presente <strong>Pol\u00edtica de Privacidad<\/strong>, prestando su consentimiento inequ\u00edvoco y expreso al tratamiento de sus datos personales de acuerdo con las finalidades y t\u00e9rminos aqu\u00ed expresados.<\/p>\n<p><strong>Bloomsuit, S.L.<\/strong>, podr\u00e1 modificar la presente <strong>Pol\u00edtica de Privacidad<\/strong> para adaptarla a las novedades legislativas, jurisprudenciales o de interpretaci\u00f3n de la Agencia Espa\u00f1ola de Protecci\u00f3n de Datos. Estas condiciones de privacidad podr\u00e1n ser complementadas por el <a href=\"http:\/\/cultivatingqualityplants.com\/es\/aviso-legal\/\"><strong>Aviso Legal<\/strong><\/a>, <a href=\"http:\/\/cultivatingqualityplants.com\/es\/politica-de-cookies\/\"><strong>Pol\u00edtica de Cookies<\/strong><\/a> y las <strong>Condiciones Generales<\/strong> que, en su caso, se recojan para determinados productos o servicios, si dicho acceso supone alguna especialidad en materia de protecci\u00f3n de datos de car\u00e1cter personal.<\/p>\n<h4>Delegado de protecci\u00f3n de datos<\/h4>\n<p>No se requiere Delegado de Protecci\u00f3n de Datos.<\/p>\n<h4>Tratamientos<\/h4>\n<p><strong>Bloomsuit, S.L.<\/strong>, realiza los tratamientos cuya informaci\u00f3n puede consultarse seguidamente.<\/p>\n<h4>Consentimiento para tratar sus datos<\/h4>\n<p>Al rellenar los formularios, marcar la casilla \u201c<strong>Acepto la Pol\u00edtica de Privacidad<\/strong>\u201d y hacer clic para enviar los datos, o al remitir correos electr\u00f3nicos a <strong>Bloomsuit, S.L.<\/strong>, por medio de la cuenta habilitada al efecto, el Usuario manifiesta haber le\u00eddo y aceptado expresamente la presente <strong>Pol\u00edtica de privacidad<\/strong>, y otorga su consentimiento inequ\u00edvoco y expreso al tratamiento de sus datos personales conforme a las finalidades indicadas. <\/p>\n<h4>\u00bfQu\u00e9 datos tratamos a trav\u00e9s de la web?<\/h4>\n<p>Por el simple hecho de navegar en la <strong>P\u00e1gina web de Cultivatingqualityplants<\/strong>, recopilar\u00e1 informaci\u00f3n de:<\/p>\n<ul>\n<li>Direcci\u00f3n IP.<\/li>\n<li>Versi\u00f3n del navegador.<\/li>\n<li>Sistema operativo.<\/li>\n<li>Duraci\u00f3n de la vista o navegaci\u00f3n por la p\u00e1gina web.<\/li>\n<\/ul>\n<p>Tal informaci\u00f3n puede almacenarse mediante Google Analytics, por lo que nos remitimos a la Pol\u00edtica de <strong>Pol\u00edtica de Privacidad de Google<\/strong>, ya que \u00e9ste recaba y trata tal informaci\u00f3n: <em>www.google.com\/intl\/en\/policies\/privacy<\/em>.<\/p>\n<p>Del mismo modo, en la web se puede facilitar la utilidad de <strong>Google Maps<\/strong>, la cual podr\u00eda tener acceso a tu ubicaci\u00f3n, en el supuesto de que se lo permitas, con el fin de facilitarte una mayor especificidad sobre la distancia y\/o caminos posibles a nuestra\/s sede\/s. A este respecto, nos remitimos a la <strong>Pol\u00edtica de Privacidad utilizada por Google Maps<\/strong>, con el fin de conocer el uso y tratamiento de tales datos: <em>www.google.com\/intl\/en\/policies\/privaty<\/em>.<\/p>\n<h4>Medidas de seguridad<\/h4>\n<p>Dentro de nuestro compromiso por garantizar la seguridad y confidencialidad de sus datos de car\u00e1cter personal, le informamos que se han adoptado las medidas de \u00edndole t\u00e9cnica y organizativas necesarias para garantizar la seguridad de los datos de car\u00e1cter personal y evitar su alteraci\u00f3n, p\u00e9rdida, tratamiento o acceso no autorizado, habida cuenta del estado de la tecnolog\u00eda, la naturaleza de los datos almacenados y los riesgos a que est\u00e9n expuestos, seg\u00fan el <strong>Art. 32 del RGPD EU 679\/2016 y la Ley Org\u00e1nica 3\/2018<\/strong>.<\/p>\n<h4>Derechos del usuario<\/h4>\n<p>Cualquier interesado tiene derecho a obtener confirmaci\u00f3n sobre si estamos tratando datos personales que le conciernan, o no. Las personas interesadas tienen derecho a acceder a sus datos personales, as\u00ed como a solicitar la rectificaci\u00f3n de los datos inexactos o, en su caso, solicitar su supresi\u00f3n cuando, entre otros motivos, los datos ya no sean necesarios para los fines que fueron recogidos. En determinadas circunstancias, los interesados podr\u00e1n solicitar la limitaci\u00f3n del tratamiento de sus datos, en cuyo caso \u00fanicamente los conservaremos para el ejercicio o la defensa de reclamaciones. Por motivos relacionados con su situaci\u00f3n particular, los interesados podr\u00e1n oponerse al tratamiento de sus datos. El responsable del tratamiento dejar\u00e1 de tratar los datos, salvo por motivos leg\u00edtimos imperiosos, o el ejercicio o la defensa de posibles reclamaciones.<\/p>\n<p>De acuerdo con la legislaci\u00f3n vigente tiene los siguientes derechos: derecho a solicitar el acceso a sus datos personales, derecho a solicitar su rectificaci\u00f3n o supresi\u00f3n, derecho a solicitar la limitaci\u00f3n de su tratamiento, derecho a oponerse al tratamiento, derecho a la portabilidad de los datos y as\u00ed mismo, a revocar el consentimiento otorgado. <\/p>\n<h4>\u00bfC\u00f3mo ejercitar sus derechos?<\/h4>\n<p>Para ejercer sus derechos, debe dirigirse al responsable, solicitando el correspondiente formulario para el ejercicio del derecho elegido. Opcionalmente, puede acudir a la Autoridad de Control competente para obtener informaci\u00f3n adicional acerca de sus derechos. Los datos de contacto para el ejercicio de sus derechos son el tel\u00e9fono <strong>+34 665 899 362<\/strong> y el correo electr\u00f3nico: <strong>fjr@bloomsuit.com<\/strong>. Recuerde acompa\u00f1ar una copia de un documento que nos permita identificarle.<\/p>\n<h4>Consentimiento para env\u00edo de comunicaciones electr\u00f3nicas<\/h4>\n<p>De acuerdo con lo establecido en la Ley 34\/2002, de 11 de julio, de Servicios de la Sociedad de la Informaci\u00f3n y del Comercio Electr\u00f3nico, completando el formulario de recogida de datos y marcando la correspondiente casilla \u201c<strong>Acepto la Pol\u00edtica de Privacidad<\/strong>\u201d, est\u00e1 otorgando el consentimiento expreso para enviarle a su direcci\u00f3n de correo electr\u00f3nico, tel\u00e9fono, fax u otro medio electr\u00f3nico en env\u00edo de informaci\u00f3n acerca de la Empresa.<\/p>\n","protected":false},"excerpt":{"rendered":"<p>Datos del responsable del tratamiento Bloomsuit, S.L., domiciliada en Paseo de la Reina, 49 1Pl de Fuente Vaqueros, Granada, Espa\u00f1a, con CIF ESB18706903 propietaria del sitio web www.cultivatingqualityplants.com\/es. Email para comunicaciones en materia de Protecci\u00f3n de datos: fjr@bloomsuit.com Normativa aplicable Nuestra Pol\u00edtica de Privacidad se ha dise\u00f1ado de acuerdo con el Reglamento General de Protecci\u00f3n [&hellip;]<\/p>\n","protected":false},"author":2,"featured_media":0,"parent":0,"menu_order":0,"comment_status":"closed","ping_status":"closed","template":"","meta":{"_et_pb_use_builder":"","_et_pb_old_content":"","footnotes":""},"_links":{"self":[{"href":"http:\/\/cultivatingqualityplants.com\/es\/wp-json\/wp\/v2\/pages\/1362"}],"collection":[{"href":"http:\/\/cultivatingqualityplants.com\/es\/wp-json\/wp\/v2\/pages"}],"about":[{"href":"http:\/\/cultivatingqualityplants.com\/es\/wp-json\/wp\/v2\/types\/page"}],"author":[{"embeddable":true,"href":"http:\/\/cultivatingqualityplants.com\/es\/wp-json\/wp\/v2\/users\/2"}],"replies":[{"embeddable":true,"href":"http:\/\/cultivatingqualityplants.com\/es\/wp-json\/wp\/v2\/comments?post=1362"}],"version-history":[{"count":4,"href":"http:\/\/cultivatingqualityplants.com\/es\/wp-json\/wp\/v2\/pages\/1362\/revisions"}],"predecessor-version":[{"id":1368,"href":"http:\/\/cultivatingqualityplants.com\/es\/wp-json\/wp\/v2\/pages\/1362\/revisions\/1368"}],"wp:attachment":[{"href":"http:\/\/cultivatingqualityplants.com\/es\/wp-json\/wp\/v2\/media?parent=1362"}],"curies":[{"name":"wp","href":"https:\/\/api.w.org\/{rel}","templated":true}]}}